{"id":288,"date":"2019-03-10T06:29:37","date_gmt":"2019-03-10T06:29:37","guid":{"rendered":"http:\/\/www.leadership2020.cz\/?page_id=288"},"modified":"2020-12-15T10:19:13","modified_gmt":"2020-12-15T10:19:13","slug":"rizeni","status":"publish","type":"page","link":"https:\/\/www.leadership2020.cz\/index.php\/rizeni\/","title":{"rendered":"\u0158\u00edzen\u00ed"},"content":{"rendered":"","protected":true},"excerpt":{"rendered":"","protected":true},"author":2,"featured_media":491,"parent":0,"menu_order":0,"comment_status":"open","ping_status":"closed","template":"","meta":{"footnotes":""},"class_list":["post-288","page","type-page","status-publish","post-password-required","hentry"],"_links":{"self":[{"href":"https:\/\/www.leadership2020.cz\/index.php\/wp-json\/wp\/v2\/pages\/288","targetHints":{"allow":["GET"]}}],"collection":[{"href":"https:\/\/www.leadership2020.cz\/index.php\/wp-json\/wp\/v2\/pages"}],"about":[{"href":"https:\/\/www.leadership2020.cz\/index.php\/wp-json\/wp\/v2\/types\/page"}],"author":[{"embeddable":true,"href":"https:\/\/www.leadership2020.cz\/index.php\/wp-json\/wp\/v2\/users\/2"}],"replies":[{"embeddable":true,"href":"https:\/\/www.leadership2020.cz\/index.php\/wp-json\/wp\/v2\/comments?post=288"}],"version-history":[{"count":24,"href":"https:\/\/www.leadership2020.cz\/index.php\/wp-json\/wp\/v2\/pages\/288\/revisions"}],"predecessor-version":[{"id":693,"href":"https:\/\/www.leadership2020.cz\/index.php\/wp-json\/wp\/v2\/pages\/288\/revisions\/693"}],"wp:featuredmedia":[{"embeddable":true,"href":"https:\/\/www.leadership2020.cz\/index.php\/wp-json\/wp\/v2\/media\/491"}],"wp:attachment":[{"href":"https:\/\/www.leadership2020.cz\/index.php\/wp-json\/wp\/v2\/media?parent=288"}],"curies":[{"name":"wp","href":"https:\/\/api.w.org\/{rel}","templated":true}]}}